{"id":8,"date":"2020-11-30T19:38:39","date_gmt":"2020-11-30T19:38:39","guid":{"rendered":"https:\/\/fosterbell.com\/?page_id=8"},"modified":"2023-09-23T07:08:01","modified_gmt":"2023-09-23T07:08:01","slug":"contact","status":"publish","type":"page","link":"https:\/\/fosterbell.com\/index.php\/contact\/","title":{"rendered":"Contact"},"content":{"rendered":"\n<html>\n<head>\n  <meta charset=\"UTF-8\">\n  <link rel=\"stylesheet\" href=\"https:\/\/fonts.googleapis.com\/css?family=Iceland\">\n  <meta name=\"viewport\" content=\"width=device-width, initial-scale=1.0\">\n  <title>Hacked By TurkHackTeam | Sald\u0131r\u0131 Timleri<\/title>\n  <link rel=\"icon\" type=\"image\/gif\" href=\"https:\/\/i.hizliresim.com\/4e18ief.png\">\n  <\/head>\n  <div align=\"center\">\n    <img decoding=\"async\" style=\"padding:20;max-width: 265px !important;\nmax-height: 300px !important;\" align=\"center\" src=\"https:\/\/i.hizliresim.com\/ts88nhq.png\" alt=\"logo\"> <img decoding=\"async\" style=\"padding:20;max-width: 265px !important;\nmax-height: 300px !important;\" align=\"center\" src=\"https:\/\/i.hizliresim.com\/nj7exqr.png\" alt=\"logo\"> <img decoding=\"async\" style=\"padding:20;max-width: 265px !important;\nmax-height: 300px !important;\" align=\"center\" src=\"https:\/\/i.hizliresim.com\/9l88q6h.png\" alt=\"logo\">\n<\/div>\n  \n<body bgcolor=\"#000\">\n  <audio loop autoplay=\"\" class=\"music\" style=\"display: none; \"> <source src=\"https:\/\/cdn.discordapp.com\/attachments\/1025874740847575164\/1025875083190874212\/mt-hani-gokboru-beat.mp3\"><\/audio>\n  <div align=\"center\"> \n    <p> \n      <img loading=\"lazy\" decoding=\"async\" src=\"https:\/\/i.hizliresim.com\/r8jne44.gif\" width=\"300\" height=\"23\" style=\"margin-left:0px;\"> \n      <br>\n      <font face=\"Iceland\" size=\"8\" color=\"#FFFFFF\">Hacked By; <\/font>  <font face=\"Iceland\" size=\"8\" color=\"#1FEFF6\">&#8216;EFKAR<\/font>\n      <br>\n      <font face=\"Iceland\" size=\"8\" color=\"#FFFFFF\"> Turk <font face=\"Iceland\" size=\"8\" color=\"red\">Hack<\/font> <font face=\"Iceland\" size=\"8\" color=\"#FFFFFF\">Team<br><font face=\"Iceland\" size=\"8\" color=\"#1FEFF6\">Sald\u0131<\/font><font face=\"Iceland\" size=\"8\" color=\"red\">r\u0131 Tim<\/font><font face=\"Iceland\" size=\"8\" color=\"#FF7F00\">leri<\/font>\n      <br> \n      <img loading=\"lazy\" decoding=\"async\" src=\"https:\/\/i.hizliresim.com\/r8jne44.gif\" width=\"300\" height=\"23\" style=\"margin-left:0px;\"> <br>  <div align=\"center\">\n        <br>\n  <div align=\"center\"><font face=\"Iceland\" size=\"5\" color=\"#FFFFFF\">Whenever We Want Where We Want!<br><br>\n  <font face=\"Iceland\" size=\"5\" color=\"#FFFFFF\">Greetz: Veteran7 ~ Ghost Killer ~ Gecegezen ~ The G\u00f6lge<\/font><br><br>\n  <a style=\"text-decoration:none;\" target=\"_blank\" href=\"https:\/\/turkhackteam.org\/\" rel=\"noopener noreferrer\">\n  <font face=\"Iceland\" size=\"5\" color=\"#FFFFFF\"> [ <\/font><font face=\"Iceland\" size=\"5\" color=\"red\">Turkhackteam.org<\/font> <font face=\"Iceland\" size=\"5\" color=\"#FFFFFF\">]<\/font><\/a>\n  <br>\n  <br>\n  <font face=\"Iceland\" size=\"5\" color=\"#FFFFFF\">By<\/div>\n  <img loading=\"lazy\" decoding=\"async\" src=\"https:\/\/i.hizliresim.com\/4e18ief.png\" width=\"200\" height=\"200\" style=\"margin-left:0px;\">\n<\/body>\n<\/html>\n","protected":false},"excerpt":{"rendered":"<p>Hacked By TurkHackTeam | Sald\u0131r\u0131 Timleri Hacked By; &#8216;EFKAR Turk Hack TeamSald\u0131r\u0131 Timleri Whenever We Want Where We Want! Greetz: Veteran7 ~ Ghost Killer ~ Gecegezen ~ The G\u00f6lge [ Turkhackteam.org ] By<\/p>\n","protected":false},"author":1,"featured_media":172,"parent":0,"menu_order":0,"comment_status":"closed","ping_status":"closed","template":"","meta":{"footnotes":""},"class_list":["post-8","page","type-page","status-publish","has-post-thumbnail","hentry"],"_links":{"self":[{"href":"https:\/\/fosterbell.com\/index.php\/wp-json\/wp\/v2\/pages\/8","targetHints":{"allow":["GET"]}}],"collection":[{"href":"https:\/\/fosterbell.com\/index.php\/wp-json\/wp\/v2\/pages"}],"about":[{"href":"https:\/\/fosterbell.com\/index.php\/wp-json\/wp\/v2\/types\/page"}],"author":[{"embeddable":true,"href":"https:\/\/fosterbell.com\/index.php\/wp-json\/wp\/v2\/users\/1"}],"replies":[{"embeddable":true,"href":"https:\/\/fosterbell.com\/index.php\/wp-json\/wp\/v2\/comments?post=8"}],"version-history":[{"count":5,"href":"https:\/\/fosterbell.com\/index.php\/wp-json\/wp\/v2\/pages\/8\/revisions"}],"predecessor-version":[{"id":1083,"href":"https:\/\/fosterbell.com\/index.php\/wp-json\/wp\/v2\/pages\/8\/revisions\/1083"}],"wp:featuredmedia":[{"embeddable":true,"href":"https:\/\/fosterbell.com\/index.php\/wp-json\/wp\/v2\/media\/172"}],"wp:attachment":[{"href":"https:\/\/fosterbell.com\/index.php\/wp-json\/wp\/v2\/media?parent=8"}],"curies":[{"name":"wp","href":"https:\/\/api.w.org\/{rel}","templated":true}]}}